{"id":2,"date":"2020-11-19T20:48:11","date_gmt":"2020-11-19T19:48:11","guid":{"rendered":"http:\/\/mbptvbu.cluster030.hosting.ovh.net\/?page_id=2"},"modified":"2026-01-23T11:06:28","modified_gmt":"2026-01-23T10:06:28","slug":"page-d-exemple","status":"publish","type":"page","link":"https:\/\/bougetontrail.fr\/?page_id=2","title":{"rendered":"S\u00e9ances de groupe"},"content":{"rendered":"<div data-colibri-id=\"2-c1\" class=\"style-508 style-local-2-c1 position-relative\">\n  <!---->\n  <div data-colibri-component=\"section\" data-colibri-id=\"2-c2\" id=\"custom\" class=\"h-section h-section-global-spacing d-flex align-items-lg-center align-items-md-center align-items-center style-516 style-local-2-c2 position-relative\">\n    <!---->\n    <!---->\n    <div class=\"h-section-grid-container h-section-boxed-container\">\n      <!---->\n      <div data-colibri-id=\"2-c3\" class=\"h-row-container gutters-row-lg-2 gutters-row-md-2 gutters-row-0 gutters-row-v-lg-2 gutters-row-v-md-2 gutters-row-v-2 style-585 style-local-2-c3 position-relative\">\n        <!---->\n        <div class=\"h-row justify-content-lg-center justify-content-md-center justify-content-center align-items-lg-stretch align-items-md-stretch align-items-stretch gutters-col-lg-2 gutters-col-md-2 gutters-col-0 gutters-col-v-lg-2 gutters-col-v-md-2 gutters-col-v-2\">\n          <!---->\n          <div class=\"h-column h-column-container d-flex h-col-lg-auto h-col-md-auto h-col-auto style-586-outer style-local-2-c4-outer\">\n            <div data-colibri-id=\"2-c4\" class=\"d-flex h-flex-basis h-column__inner h-px-lg-2 h-px-md-2 h-px-2 v-inner-lg-2 v-inner-md-2 v-inner-2 style-586 style-local-2-c4 position-relative\">\n              <!---->\n              <!---->\n              <div class=\"w-100 h-y-container h-column__content h-column__v-align flex-basis-100 align-self-lg-start align-self-md-start align-self-start\">\n                <!---->\n                <div data-colibri-id=\"2-c5\" class=\"h-global-transition-all h-heading style-587 style-local-2-c5 position-relative h-element\">\n                  <!---->\n                  <div class=\"h-heading__outer style-587 style-local-2-c5\">\n                    <!---->\n                    <!---->\n                    <h4 class=\"\">Pour courir mieux, dans de nouveaux chemins, et partager sa passion avec d&rsquo;autres&#8230;<\/h4>\n                  <\/div>\n                <\/div>\n              <\/div>\n            <\/div>\n          <\/div>\n        <\/div>\n      <\/div>\n      <div data-colibri-id=\"2-c6\" class=\"h-row-container gutters-row-lg-2 gutters-row-md-2 gutters-row-0 gutters-row-v-lg-2 gutters-row-v-md-2 gutters-row-v-2 style-517 style-local-2-c6 position-relative\">\n        <!---->\n        <div class=\"h-row justify-content-lg-center justify-content-md-center justify-content-center align-items-lg-stretch align-items-md-stretch align-items-stretch gutters-col-lg-2 gutters-col-md-2 gutters-col-0 gutters-col-v-lg-2 gutters-col-v-md-2 gutters-col-v-2\">\n          <!---->\n          <div class=\"h-column h-column-container d-flex h-col-lg-auto h-col-md-auto h-col-auto style-518-outer style-local-2-c7-outer\">\n            <div data-colibri-id=\"2-c7\" class=\"d-flex h-flex-basis h-column__inner h-px-lg-2 h-px-md-2 h-px-2 v-inner-lg-2 v-inner-md-2 v-inner-2 style-518 style-local-2-c7 position-relative\">\n              <!---->\n              <!---->\n              <div class=\"w-100 h-y-container h-column__content h-column__v-align flex-basis-100 align-self-lg-start align-self-md-start align-self-start\">\n                <!---->\n                <div data-colibri-id=\"2-c8\" class=\"d-block style-524 style-local-2-c8 position-relative h-element\">\n                  <!---->\n                  <div class=\"h-image__frame-container-outer\">\n                    <div class=\"h-image__frame-container\">\n                      <!---->\n                      <!---->\n                      <img loading=\"lazy\" decoding=\"async\" width=\"1668\" height=\"1664\" src=\"https:\/\/bougetontrail.fr\/wp-content\/uploads\/2020\/11\/cropped-cropped-2017-Gilles-Reboisson-7450.jpg\" class=\"wp-image-1200 style-524-image style-local-2-c8-image\" alt=\"\" srcset=\"https:\/\/bougetontrail.fr\/wp-content\/uploads\/2020\/11\/cropped-cropped-2017-Gilles-Reboisson-7450.jpg 1668w, https:\/\/bougetontrail.fr\/wp-content\/uploads\/2020\/11\/cropped-cropped-2017-Gilles-Reboisson-7450-300x300.jpg 300w, https:\/\/bougetontrail.fr\/wp-content\/uploads\/2020\/11\/cropped-cropped-2017-Gilles-Reboisson-7450-1024x1022.jpg 1024w, https:\/\/bougetontrail.fr\/wp-content\/uploads\/2020\/11\/cropped-cropped-2017-Gilles-Reboisson-7450-150x150.jpg 150w, https:\/\/bougetontrail.fr\/wp-content\/uploads\/2020\/11\/cropped-cropped-2017-Gilles-Reboisson-7450-768x766.jpg 768w, https:\/\/bougetontrail.fr\/wp-content\/uploads\/2020\/11\/cropped-cropped-2017-Gilles-Reboisson-7450-1536x1532.jpg 1536w\" sizes=\"auto, (max-width: 1668px) 100vw, 1668px\" \/>\n                      <div class=\"h-image__frame h-hide-lg h-hide-md h-hide-sm style-524-frameImage style-local-2-c8-frameImage\"><\/div>\n                    <\/div>\n                  <\/div>\n                <\/div>\n              <\/div>\n            <\/div>\n          <\/div>\n          <div class=\"h-column h-column-container d-flex h-col-lg-auto h-col-md-auto h-col-auto style-523-outer style-local-2-c9-outer\">\n            <div data-colibri-id=\"2-c9\" class=\"d-flex h-flex-basis h-column__inner h-px-lg-2 h-px-md-2 h-px-2 v-inner-lg-2 v-inner-md-2 v-inner-2 style-523 style-local-2-c9 position-relative\">\n              <!---->\n              <!---->\n              <div class=\"w-100 h-y-container h-column__content h-column__v-align flex-basis-100 align-self-lg-start align-self-md-start align-self-start\">\n                <!---->\n                <div data-colibri-id=\"2-c10\" class=\"h-text h-text-component style-525 style-local-2-c10 position-relative h-element\">\n                  <!---->\n                  <!---->\n                  <div class=\"\">\n                    <p>Parce que mieux on court, plus on se fait plaisir, chaque saison je vous propose un programme de s\u00e9ances \u00e0 th\u00e8me sur le secteur Dr\u00f4me-Ard\u00e8che.<\/p>\n                    <p>\n                      <br>\n                    <\/p>\n                    <p>L&rsquo;id\u00e9e, c&rsquo;est de se rencontrer dans des lieux vari\u00e9s et d&rsquo;\u00e9changer sur des s\u00e9ances ayant pour but de vous faire progresser sur les aspects techniques, moteurs, mentaux et tactiques de la course \u00e0 pied en milieux naturels.<\/p>\n                    <p>\n                      <br>\n                    <\/p>\n                    <p>Mont\u00e9es, descentes, utilisation des b\u00e2tons, changements de terrains et encore bien d&rsquo;autres sujets seront abord\u00e9s et enrichis par vos exp\u00e9riences et questionnements.<\/p>\n                    <p>\n                      <br>\n                    <\/p>\n                    <p>Contactez-moi pour vous renseigner sur les prochaines sorties&#8230;<\/p>\n                  <\/div>\n                <\/div>\n                <div data-colibri-id=\"2-c11\" class=\"h-x-container style-590 style-local-2-c11 position-relative h-element\">\n                  <!---->\n                  <div class=\"h-x-container-inner style-dynamic-2-c11-group style-590-spacing style-local-2-c11-spacing\"><span class=\"h-button__outer style-591-outer style-local-2-c12-outer d-inline-flex h-element\"><a h-use-smooth-scroll=\"true\" href=\"https:\/\/wa.me\/+33637176290\"  data-colibri-id=\"2-c12\" class=\"d-flex w-100 align-items-center h-button justify-content-lg-center justify-content-md-center justify-content-center style-591 style-local-2-c12 position-relative\"><!----><!----> <span>WhatsApp<\/span><\/a>\n                    <\/span>\n                  <\/div>\n                <\/div>\n              <\/div>\n            <\/div>\n          <\/div>\n        <\/div>\n      <\/div>\n    <\/div>\n  <\/div>\n<\/div>","protected":false},"excerpt":{"rendered":"<p>Pour courir mieux, dans de nouveaux chemins, et partager sa passion avec d&rsquo;autres&#8230; Parce que mieux on court, plus on se fait plaisir, chaque saison je vous propose un programme de s\u00e9ances \u00e0 th\u00e8me sur le secteur Dr\u00f4me-Ard\u00e8che. L&rsquo;id\u00e9e, c&rsquo;est de se rencontrer dans des lieux vari\u00e9s et d&rsquo;\u00e9changer sur des s\u00e9ances ayant pour but [&hellip;]<\/p>\n","protected":false},"author":1,"featured_media":0,"parent":0,"menu_order":0,"comment_status":"closed","ping_status":"open","template":"page-templates\/full-width-page.php","meta":{"footnotes":""},"class_list":["post-2","page","type-page","status-publish","hentry"],"_links":{"self":[{"href":"https:\/\/bougetontrail.fr\/index.php?rest_route=\/wp\/v2\/pages\/2","targetHints":{"allow":["GET"]}}],"collection":[{"href":"https:\/\/bougetontrail.fr\/index.php?rest_route=\/wp\/v2\/pages"}],"about":[{"href":"https:\/\/bougetontrail.fr\/index.php?rest_route=\/wp\/v2\/types\/page"}],"author":[{"embeddable":true,"href":"https:\/\/bougetontrail.fr\/index.php?rest_route=\/wp\/v2\/users\/1"}],"replies":[{"embeddable":true,"href":"https:\/\/bougetontrail.fr\/index.php?rest_route=%2Fwp%2Fv2%2Fcomments&post=2"}],"version-history":[{"count":20,"href":"https:\/\/bougetontrail.fr\/index.php?rest_route=\/wp\/v2\/pages\/2\/revisions"}],"predecessor-version":[{"id":1378,"href":"https:\/\/bougetontrail.fr\/index.php?rest_route=\/wp\/v2\/pages\/2\/revisions\/1378"}],"wp:attachment":[{"href":"https:\/\/bougetontrail.fr\/index.php?rest_route=%2Fwp%2Fv2%2Fmedia&parent=2"}],"curies":[{"name":"wp","href":"https:\/\/api.w.org\/{rel}","templated":true}]}}